{"id":10,"date":"2023-03-07T21:24:25","date_gmt":"2023-03-07T20:24:25","guid":{"rendered":"http:\/\/kantor-darek.pl\/?page_id=10"},"modified":"2026-05-13T17:19:49","modified_gmt":"2026-05-13T15:19:49","slug":"kursy-walut","status":"publish","type":"page","link":"http:\/\/kantor-darek.pl\/index.php\/kursy-walut\/","title":{"rendered":"Kursy walut"},"content":{"rendered":"\n<p>Data aktualizacji:13.05.2026 godz.17.20<\/p>\n\n\n\n<p><\/p>\n\n\n\n<p><\/p>\n\n\n\n<figure class=\"wp-block-table is-style-stripes\"><table><tbody><tr><td class=\"has-text-align-center\" data-align=\"center\"><\/td><td class=\"has-text-align-center\" data-align=\"center\"><strong>Kraj<\/strong><\/td><td class=\"has-text-align-center\" data-align=\"center\"><strong>Waluta<\/strong><\/td><td class=\"has-text-align-center\" data-align=\"center\"><strong>Ilo\u015b\u0107<\/strong><\/td><td class=\"has-text-align-center\" data-align=\"center\"><strong>Kupno<\/strong><\/td><td class=\"has-text-align-center\" data-align=\"center\"><strong>Sprzeda\u017c<\/strong><\/td><\/tr><tr><td class=\"has-text-align-center\" data-align=\"center\"><img loading=\"lazy\" decoding=\"async\" width=\"34\" height=\"20\" class=\"wp-image-69\" style=\"width: 34px;\" src=\"http:\/\/kantor-darek.pl\/wp-content\/uploads\/2023\/03\/ue.jpg\" alt=\"\"><\/td><td class=\"has-text-align-center\" data-align=\"center\">EURO<\/td><td class=\"has-text-align-center\" data-align=\"center\">EUR<\/td><td class=\"has-text-align-center\" data-align=\"center\">1<\/td><td class=\"has-text-align-center\" data-align=\"center\">4.21<\/td><td class=\"has-text-align-center\" data-align=\"center\">4.24<\/td><\/tr><tr><td class=\"has-text-align-center\" data-align=\"center\"><img loading=\"lazy\" decoding=\"async\" width=\"34\" height=\"20\" class=\"wp-image-58\" style=\"width: 34px;\" src=\"http:\/\/kantor-darek.pl\/wp-content\/uploads\/2023\/03\/usa-kopia.jpg\" alt=\"\"><\/td><td class=\"has-text-align-center\" data-align=\"center\">Dolar<\/td><td class=\"has-text-align-center\" data-align=\"center\">USD<br><\/td><td class=\"has-text-align-center\" data-align=\"center\">1<\/td><td class=\"has-text-align-center\" data-align=\"center\">3.60<br><\/td><td class=\"has-text-align-center\" data-align=\"center\">3.64<\/td><\/tr><tr><td class=\"has-text-align-center\" data-align=\"center\"><img loading=\"lazy\" decoding=\"async\" width=\"34\" height=\"20\" class=\"wp-image-66\" style=\"width: 34px;\" src=\"http:\/\/kantor-darek.pl\/wp-content\/uploads\/2023\/03\/gb.jpg\" alt=\"\"><\/td><td class=\"has-text-align-center\" data-align=\"center\">Wielka Brytania<\/td><td class=\"has-text-align-center\" data-align=\"center\">GBP<\/td><td class=\"has-text-align-center\" data-align=\"center\">1<\/td><td class=\"has-text-align-center\" data-align=\"center\">4.85<\/td><td class=\"has-text-align-center\" data-align=\"center\">4.90<\/td><\/tr><tr><td class=\"has-text-align-center\" data-align=\"center\"><img loading=\"lazy\" decoding=\"async\" width=\"34\" height=\"20\" class=\"wp-image-59\" style=\"width: 34px;\" src=\"http:\/\/kantor-darek.pl\/wp-content\/uploads\/2023\/03\/szwa.jpg\" alt=\"\"><\/td><td class=\"has-text-align-center\" data-align=\"center\">Szwajcaria<\/td><td class=\"has-text-align-center\" data-align=\"center\">CHF<\/td><td class=\"has-text-align-center\" data-align=\"center\">1<\/td><td class=\"has-text-align-center\" data-align=\"center\">4.58<\/td><td class=\"has-text-align-center\" data-align=\"center\">4.63<\/td><\/tr><tr><td class=\"has-text-align-center\" data-align=\"center\"><img loading=\"lazy\" decoding=\"async\" width=\"34\" height=\"20\" class=\"wp-image-49\" style=\"width: 34px;\" src=\"http:\/\/kantor-darek.pl\/wp-content\/uploads\/2023\/03\/can.jpg\" alt=\"\"><\/td><td class=\"has-text-align-center\" data-align=\"center\">Kanada<\/td><td class=\"has-text-align-center\" data-align=\"center\">CAD<\/td><td class=\"has-text-align-center\" data-align=\"center\">1<\/td><td class=\"has-text-align-center\" data-align=\"center\">2.60<\/td><td class=\"has-text-align-center\" data-align=\"center\">2.65<\/td><\/tr><tr><td class=\"has-text-align-center\" data-align=\"center\"><img loading=\"lazy\" decoding=\"async\" width=\"34\" height=\"20\" class=\"wp-image-50\" style=\"width: 34px;\" src=\"http:\/\/kantor-darek.pl\/wp-content\/uploads\/2023\/03\/austra.jpg\" alt=\"\"><\/td><td class=\"has-text-align-center\" data-align=\"center\">Australia<\/td><td class=\"has-text-align-center\" data-align=\"center\">AUD<\/td><td class=\"has-text-align-center\" data-align=\"center\">1<\/td><td class=\"has-text-align-center\" data-align=\"center\">2.58<\/td><td class=\"has-text-align-center\" data-align=\"center\">2.63<\/td><\/tr><tr><td class=\"has-text-align-center\" data-align=\"center\"><img loading=\"lazy\" decoding=\"async\" width=\"34\" height=\"20\" class=\"wp-image-48\" style=\"width: 34px;\" src=\"http:\/\/kantor-darek.pl\/wp-content\/uploads\/2023\/03\/cz.jpg\" alt=\"\"><\/td><td class=\"has-text-align-center\" data-align=\"center\">Czechy<\/td><td class=\"has-text-align-center\" data-align=\"center\">CZK<\/td><td class=\"has-text-align-center\" data-align=\"center\">1<\/td><td class=\"has-text-align-center\" data-align=\"center\">0.1710<\/td><td class=\"has-text-align-center\" data-align=\"center\">0.1750<\/td><\/tr><tr><td class=\"has-text-align-center\" data-align=\"center\"><img loading=\"lazy\" decoding=\"async\" width=\"34\" height=\"20\" class=\"wp-image-52\" style=\"width: 34px;\" src=\"http:\/\/kantor-darek.pl\/wp-content\/uploads\/2023\/03\/swe.jpg\" alt=\"\"><\/td><td class=\"has-text-align-center\" data-align=\"center\">Szwecja<\/td><td class=\"has-text-align-center\" data-align=\"center\">SEK<\/td><td class=\"has-text-align-center\" data-align=\"center\">1<\/td><td class=\"has-text-align-center\" data-align=\"center\">0,35<\/td><td class=\"has-text-align-center\" data-align=\"center\">0.38<\/td><\/tr><tr><td class=\"has-text-align-center\" data-align=\"center\"><img loading=\"lazy\" decoding=\"async\" width=\"34\" height=\"20\" class=\"wp-image-57\" style=\"width: 34px;\" src=\"http:\/\/kantor-darek.pl\/wp-content\/uploads\/2023\/03\/norge.jpg\" alt=\"\"><\/td><td class=\"has-text-align-center\" data-align=\"center\">Norwegia<\/td><td class=\"has-text-align-center\" data-align=\"center\">NOK<\/td><td class=\"has-text-align-center\" data-align=\"center\">1<\/td><td class=\"has-text-align-center\" data-align=\"center\">0,32<\/td><td class=\"has-text-align-center\" data-align=\"center\">0.35<\/td><\/tr><tr><td class=\"has-text-align-center\" data-align=\"center\"><img loading=\"lazy\" decoding=\"async\" width=\"34\" height=\"20\" class=\"wp-image-54\" style=\"width: 34px;\" src=\"http:\/\/kantor-darek.pl\/wp-content\/uploads\/2023\/03\/dasnis.jpg\" alt=\"\"><\/td><td class=\"has-text-align-center\" data-align=\"center\">Dania<\/td><td class=\"has-text-align-center\" data-align=\"center\">DKK<\/td><td class=\"has-text-align-center\" data-align=\"center\">1<\/td><td class=\"has-text-align-center\" data-align=\"center\">0,53<\/td><td class=\"has-text-align-center\" data-align=\"center\">0.56<\/td><\/tr><tr><td class=\"has-text-align-center\" data-align=\"center\"><img loading=\"lazy\" decoding=\"async\" width=\"34\" height=\"20\" class=\"wp-image-65\" style=\"width: 34px;\" src=\"http:\/\/kantor-darek.pl\/wp-content\/uploads\/2023\/03\/wegry.jpg\" alt=\"\"><\/td><td class=\"has-text-align-center\" data-align=\"center\">W\u0119gry<\/td><td class=\"has-text-align-center\" data-align=\"center\">HUF<\/td><td class=\"has-text-align-center\" data-align=\"center\">1<\/td><td class=\"has-text-align-center\" data-align=\"center\">0,0114<\/td><td class=\"has-text-align-center\" data-align=\"center\">0,0118<\/td><\/tr><tr><td class=\"has-text-align-center\" data-align=\"center\"><img loading=\"lazy\" decoding=\"async\" width=\"34\" height=\"20\" class=\"wp-image-64\" style=\"width: 34px;\" src=\"http:\/\/kantor-darek.pl\/wp-content\/uploads\/2023\/03\/blg.jpg\" alt=\"\"><\/td><td class=\"has-text-align-center\" data-align=\"center\">Bu\u0142garia<\/td><td class=\"has-text-align-center\" data-align=\"center\">BGN<\/td><td class=\"has-text-align-center\" data-align=\"center\">1<\/td><td class=\"has-text-align-center\" data-align=\"center\">1.70<\/td><td class=\"has-text-align-center\" data-align=\"center\">2,20<\/td><\/tr><tr><td class=\"has-text-align-center\" data-align=\"center\"><img loading=\"lazy\" decoding=\"async\" width=\"34\" height=\"20\" class=\"wp-image-63\" style=\"width: 34px;\" src=\"http:\/\/kantor-darek.pl\/wp-content\/uploads\/2023\/03\/rum.jpg\" alt=\"\"><\/td><td class=\"has-text-align-center\" data-align=\"center\">Rumunia<\/td><td class=\"has-text-align-center\" data-align=\"center\">RON<\/td><td class=\"has-text-align-center\" data-align=\"center\">1<\/td><td class=\"has-text-align-center\" data-align=\"center\">0,82<\/td><td class=\"has-text-align-center\" data-align=\"center\">0,87<\/td><\/tr><tr><td class=\"has-text-align-center\" data-align=\"center\"><img loading=\"lazy\" decoding=\"async\" width=\"34\" height=\"20\" class=\"wp-image-62\" style=\"width: 34px;\" src=\"http:\/\/kantor-darek.pl\/wp-content\/uploads\/2023\/03\/turcja.jpg\" alt=\"\"><\/td><td class=\"has-text-align-center\" data-align=\"center\">Turcja<\/td><td class=\"has-text-align-center\" data-align=\"center\">TRY<\/td><td class=\"has-text-align-center\" data-align=\"center\">1<\/td><td class=\"has-text-align-center\" data-align=\"center\">0,08<\/td><td class=\"has-text-align-center\" data-align=\"center\">0,10<\/td><\/tr><tr><td class=\"has-text-align-center\" data-align=\"center\"><img loading=\"lazy\" decoding=\"async\" width=\"34\" height=\"20\" class=\"wp-image-56\" style=\"width: 34px;\" src=\"http:\/\/kantor-darek.pl\/wp-content\/uploads\/2023\/03\/ukr.jpg\" alt=\"\"><\/td><td class=\"has-text-align-center\" data-align=\"center\">Ukraina<\/td><td class=\"has-text-align-center\" data-align=\"center\">UAH<\/td><td class=\"has-text-align-center\" data-align=\"center\">1<\/td><td class=\"has-text-align-center\" data-align=\"center\">0,080<\/td><td class=\"has-text-align-center\" data-align=\"center\">0,090<\/td><\/tr><tr><td class=\"has-text-align-center\" data-align=\"center\"><img loading=\"lazy\" decoding=\"async\" width=\"34\" height=\"20\" class=\"wp-image-55\" style=\"width: 34px;\" src=\"http:\/\/kantor-darek.pl\/wp-content\/uploads\/2023\/03\/ros.jpg\" alt=\"\"><\/td><td class=\"has-text-align-center\" data-align=\"center\">Rosja<\/td><td class=\"has-text-align-center\" data-align=\"center\">RUB<\/td><td class=\"has-text-align-center\" data-align=\"center\">1<\/td><td class=\"has-text-align-center\" data-align=\"center\">0,040<\/td><td class=\"has-text-align-center\" data-align=\"center\">0.050<\/td><\/tr><tr><td class=\"has-text-align-center\" data-align=\"center\"><img loading=\"lazy\" decoding=\"async\" width=\"34\" height=\"20\" class=\"wp-image-61\" style=\"width: 34px;\" src=\"http:\/\/kantor-darek.pl\/wp-content\/uploads\/2023\/03\/alb.jpg\" alt=\"\"><\/td><td class=\"has-text-align-center\" data-align=\"center\">Albania<\/td><td class=\"has-text-align-center\" data-align=\"center\">ALL<\/td><td class=\"has-text-align-center\" data-align=\"center\">1<\/td><td class=\"has-text-align-center\" data-align=\"center\">0,040<\/td><td class=\"has-text-align-center\" data-align=\"center\">0,048<\/td><\/tr><tr><td class=\"has-text-align-center\" data-align=\"center\"><img loading=\"lazy\" decoding=\"async\" width=\"34\" height=\"20\" class=\"wp-image-60\" style=\"width: 34px;\" src=\"http:\/\/kantor-darek.pl\/wp-content\/uploads\/2023\/03\/srb.jpg\" alt=\"\"><\/td><td class=\"has-text-align-center\" data-align=\"center\">Serbia<\/td><td class=\"has-text-align-center\" data-align=\"center\">RSD<\/td><td class=\"has-text-align-center\" data-align=\"center\">1<\/td><td class=\"has-text-align-center\" data-align=\"center\">0,033<\/td><td class=\"has-text-align-center\" data-align=\"center\">0.042<\/td><\/tr><tr><td class=\"has-text-align-center\" data-align=\"center\"><img loading=\"lazy\" decoding=\"async\" width=\"34\" height=\"20\" class=\"wp-image-69\" style=\"width: 34px;\" src=\"http:\/\/kantor-darek.pl\/wp-content\/uploads\/2023\/03\/ue.jpg\" alt=\"\"><\/td><td class=\"has-text-align-center\" data-align=\"center\">EURO<\/td><td class=\"has-text-align-center\" data-align=\"center\">BILON<\/td><td class=\"has-text-align-center\" data-align=\"center\">1<\/td><td class=\"has-text-align-center\" data-align=\"center\">3.50<\/td><td class=\"has-text-align-center\" data-align=\"center\">4.30<\/td><\/tr><\/tbody><\/table><\/figure>\n\n\n<p style=\"text-align: right;\"><span style=\"font-size: revert; color: initial;\">&nbsp;<\/span><\/p>\n<p><!--more--><\/p>\n<!--[html]--><style>\n.additional-class-148580548{width:50%;margin-left:auto;margin-right:auto;display:block;}\n@media (max-width: 767px) {.additional-class-148580548{width:400px;-webkit-\u017cetransform:translateX(-60px);-moz-transform:translateX(-60px);-ms-transform:translateX(-60px);transform:translateX(-60px);}}<\/style><style><\/style><div class=\"bd-tagstyles  additional-class-148580548  bd-no-margins\"><div class=\"bd-container-inner bd-content-element\"><!--{content}--><\/p><!--{\/content}--><\/div><\/div><!--[\/html]-->\n\n    <!--[spacer]-->\n    <style>\n.bd-spacer-185516705{height:20px;}<\/style>    <div class=\" bd-spacer-185516705  clearfix\">\n        <!--{content}--><!--{\/content}-->\n    <\/div>\n    <!--[\/spacer]-->\n\n    \n\n\n<h2 class=\"wp-block-heading\"><\/h2>\n\n\n\n<p><\/p>\n","protected":false},"excerpt":{"rendered":"<p>Data aktualizacji:13.05.2026 godz.17.20 Kraj Waluta Ilo\u015b\u0107 Kupno Sprzeda\u017c EURO EUR 1 4.21 4.24 Dolar USD 1 3.60 3.64 Wielka Brytania GBP 1 4.85 4.90 Szwajcaria CHF 1 4.58 4.63 Kanada CAD 1 2.60 2.65 Australia AUD 1 2.58 2.63 Czechy CZK 1 0.1710 0.1750 Szwecja SEK 1 0,35 0.38 Norwegia NOK 1 0,32 0.35 Dania [&hellip;]<\/p>\n","protected":false},"author":1,"featured_media":0,"parent":0,"menu_order":1,"comment_status":"closed","ping_status":"closed","template":"","meta":{"footnotes":""},"class_list":["post-10","page","type-page","status-publish","hentry"],"_links":{"self":[{"href":"http:\/\/kantor-darek.pl\/index.php\/wp-json\/wp\/v2\/pages\/10","targetHints":{"allow":["GET"]}}],"collection":[{"href":"http:\/\/kantor-darek.pl\/index.php\/wp-json\/wp\/v2\/pages"}],"about":[{"href":"http:\/\/kantor-darek.pl\/index.php\/wp-json\/wp\/v2\/types\/page"}],"author":[{"embeddable":true,"href":"http:\/\/kantor-darek.pl\/index.php\/wp-json\/wp\/v2\/users\/1"}],"replies":[{"embeddable":true,"href":"http:\/\/kantor-darek.pl\/index.php\/wp-json\/wp\/v2\/comments?post=10"}],"version-history":[{"count":10927,"href":"http:\/\/kantor-darek.pl\/index.php\/wp-json\/wp\/v2\/pages\/10\/revisions"}],"predecessor-version":[{"id":12884,"href":"http:\/\/kantor-darek.pl\/index.php\/wp-json\/wp\/v2\/pages\/10\/revisions\/12884"}],"wp:attachment":[{"href":"http:\/\/kantor-darek.pl\/index.php\/wp-json\/wp\/v2\/media?parent=10"}],"curies":[{"name":"wp","href":"https:\/\/api.w.org\/{rel}","templated":true}]}}